{"id":124,"date":"2023-06-19T09:10:08","date_gmt":"2023-06-19T09:10:08","guid":{"rendered":"https:\/\/www.bauinnung-regensburg.de\/?page_id=124"},"modified":"2026-04-09T08:23:56","modified_gmt":"2026-04-09T08:23:56","slug":"loehne-gehaelter-ausbildungsverguetung-bau","status":"publish","type":"page","link":"https:\/\/www.bauinnung-regensburg.de\/?page_id=124","title":{"rendered":"L\u00f6hne \/ Geh\u00e4lter \/ Ausbildungsverg\u00fctung Bau"},"content":{"rendered":"\n<p>In der letzten Tarifrunde 2024 wurde \u00fcber die tariflichen Lohn- und Gehaltserh\u00f6hungen sowie \u00fcber die Erh\u00f6hung der tariflichen Ausbildungsverg\u00fctungen verhandelt und entschieden.<\/p>\n\n\n\n<p>Mit Beschl\u00fcssen vom 14. Juni 2024 hat sich der Zentralverband des Deutschen Baugewerbes (ZDB), der Hauptverband der Deutschen Bauindustrie (HDB) sowie die Gewerkschaft IG-BAU auf die Neuregelung der tariflichen L\u00f6hne, Geh\u00e4lter und Ausbildungsverg\u00fctungen am Bau (r\u00fcckwirkend beginnend ab 1. Mai 2024) verst\u00e4ndigt.<\/p>\n\n\n\n<p>Gem\u00e4\u00df dem&nbsp;Tarifbeschluss vom 14.06.2024 treten somit f\u00fcr Baubetriebe bei vorhandener Tarifbindung folgende Tarif\u00e4nderungen\/Tariferh\u00f6hungen in Kraft, die Sie der nachfolgenden PDF entnehmen k\u00f6nnen:<\/p>\n\n\n\n<p><a href=\"https:\/\/www.bauinnung-regensburg.de\/wp-content\/uploads\/2024\/07\/Merkblatt-LBB-Bezirksgeschaeftstelle-Oberpfalz-Tarif-fertig.pdf\" target=\"_blank\" rel=\"noreferrer noopener\">Merkblatt LBB Bezirksgesch\u00e4ftsstelle<\/a><\/p>\n\n\n\n<p>Der zeitliche Ablauf der Tariferh\u00f6hungen\/Tarif\u00e4nderungen gliedert sich im Bundesgebiet West in 3 Stufen wie folgt:<\/p>\n\n\n\n<p>Stufe 1:<br>&#8211; Erh\u00f6hung der L\u00f6hne und Geh\u00e4lter ab 01.05.2024 um 1,2% plus tabellenwirksamer Festbetrag in H\u00f6he von 230 Euro brutto <br> &#8211; Erh\u00f6hung der Ausbildungsverg\u00fctungen nach dem Kasseler Modell<\/p>\n\n\n\n<p>Stufe 2:<br>&#8211; Erh\u00f6hung der L\u00f6hne und Geh\u00e4lter ab 01.04.2025 um 4,2%<br>&#8211; keine Erh\u00f6hung der Ausbildungsverg\u00fctungen<\/p>\n\n\n\n<p>Stufe 3: Erh\u00f6hung der L\u00f6hne und Geh\u00e4lter und Ausbildungsverg\u00fctungen um 3,9%<\/p>\n\n\n\n<p><\/p>\n\n\n\n<p><\/p>\n\n\n\n<p><em><strong>Die&nbsp;ab 01. April 2025 geltenden tariflichen L\u00f6hne, Geh\u00e4lter und Ausbildungsverg\u00fctungen&nbsp;finden Sie zusammengefasst in den nachstehenden \u00dcbersichten:<\/strong><\/em><br><\/p>\n\n\n\n<p><\/p>\n\n\n\n<p><strong>\u21d2&nbsp;<\/strong><a href=\"https:\/\/www.bauinnung-regensburg.de\/wp-content\/uploads\/2026\/04\/Tarifloehne-fuer-gewerbliche-Arbeitnehmer-ab-April-2026.pdf\" data-type=\"attachment\" data-id=\"393\" target=\"_blank\" rel=\"noreferrer noopener\">Tarifl\u00f6hne f\u00fcr gewerbliche Arbeitnehmer ab 1. April 2026<\/a><\/p>\n\n\n\n<p><strong>\u21d2&nbsp;<\/strong><a href=\"https:\/\/www.bauinnung-regensburg.de\/wp-content\/uploads\/2026\/04\/Verguetungen-fuer-Angestellte-und-Poliere-in-Bayern-ab-April-2026.pdf\" data-type=\"attachment\" data-id=\"393\" target=\"_blank\" rel=\"noreferrer noopener\">Tarifgeh\u00e4lter f\u00fcr Angestellte und Poliere ab 1. April 2026<\/a><\/p>\n\n\n\n<p><strong>\u21d2&nbsp;<\/strong><a href=\"https:\/\/www.bauinnung-regensburg.de\/wp-content\/uploads\/2026\/04\/Gewerbliche-Ausbildungsverguetungen-ab-April-2026.pdf\" data-type=\"attachment\" data-id=\"300\" target=\"_blank\" rel=\"noreferrer noopener\">Gewerbliche Ausbildungsverg\u00fctungen ab 1. April 2026<\/a><\/p>\n\n\n\n<p><strong>\u21d2\u00a0<\/strong><a href=\"https:\/\/www.bauinnung-regensburg.de\/wp-content\/uploads\/2026\/04\/Technische-und-kaufmaennische-Ausbildungsverguetungen-ab-April-2026.pdf\" data-type=\"attachment\" data-id=\"394\" target=\"_blank\" rel=\"noreferrer noopener\">Technische und kaufm\u00e4nnische Ausbildungsverg\u00fctungen ab 1. April 2026<\/a><\/p>\n\n\n\n<p><\/p>\n","protected":false},"excerpt":{"rendered":"<p>In der letzten Tarifrunde 2024 wurde \u00fcber die tariflichen Lohn- und Gehaltserh\u00f6hungen sowie \u00fcber die Erh\u00f6hung der tariflichen Ausbildungsverg\u00fctungen verhandelt und entschieden. Mit Beschl\u00fcssen vom 14. Juni 2024 hat sich der Zentralverband des Deutschen Baugewerbes (ZDB), der Hauptverband der Deutschen Bauindustrie (HDB) sowie die Gewerkschaft IG-BAU auf die Neuregelung der tariflichen L\u00f6hne, Geh\u00e4lter und Ausbildungsverg\u00fctungen [&hellip;]<\/p>\n","protected":false},"author":1,"featured_media":0,"parent":0,"menu_order":0,"comment_status":"closed","ping_status":"closed","template":"","meta":{"footnotes":""},"class_list":["post-124","page","type-page","status-publish","hentry"],"_links":{"self":[{"href":"https:\/\/www.bauinnung-regensburg.de\/index.php?rest_route=\/wp\/v2\/pages\/124","targetHints":{"allow":["GET"]}}],"collection":[{"href":"https:\/\/www.bauinnung-regensburg.de\/index.php?rest_route=\/wp\/v2\/pages"}],"about":[{"href":"https:\/\/www.bauinnung-regensburg.de\/index.php?rest_route=\/wp\/v2\/types\/page"}],"author":[{"embeddable":true,"href":"https:\/\/www.bauinnung-regensburg.de\/index.php?rest_route=\/wp\/v2\/users\/1"}],"replies":[{"embeddable":true,"href":"https:\/\/www.bauinnung-regensburg.de\/index.php?rest_route=%2Fwp%2Fv2%2Fcomments&post=124"}],"version-history":[{"count":33,"href":"https:\/\/www.bauinnung-regensburg.de\/index.php?rest_route=\/wp\/v2\/pages\/124\/revisions"}],"predecessor-version":[{"id":859,"href":"https:\/\/www.bauinnung-regensburg.de\/index.php?rest_route=\/wp\/v2\/pages\/124\/revisions\/859"}],"wp:attachment":[{"href":"https:\/\/www.bauinnung-regensburg.de\/index.php?rest_route=%2Fwp%2Fv2%2Fmedia&parent=124"}],"curies":[{"name":"wp","href":"https:\/\/api.w.org\/{rel}","templated":true}]}}