{"id":137,"date":"2023-06-19T09:18:27","date_gmt":"2023-06-19T09:18:27","guid":{"rendered":"https:\/\/www.bauinnung-regensburg.de\/?page_id=137"},"modified":"2024-06-27T07:52:42","modified_gmt":"2024-06-27T07:52:42","slug":"karrierechancen-am-bau","status":"publish","type":"page","link":"https:\/\/www.bauinnung-regensburg.de\/?page_id=137","title":{"rendered":"Karrierechancen am Bau"},"content":{"rendered":"\n<p><strong>Einsteigen und durchstarten -in Deutschlands gr\u00f6\u00dfter Branche.<br>18 Bauberufe \u2013 18 Chancen mit Zukunft!<br>Baufachkr\u00e4fte k\u00f6nnen was \u2013 auch schon in der Ausbildung<\/strong><\/p>\n\n\n\n<p>Machen Sie sich ein Bild davon unter Zufhilfenahme von aussagekr\u00e4tigen Videos:<\/p>\n\n\n\n<p>\u2013 Filme \u00fcber die Bauberufe gibt es unter:<br><a href=\"http:\/\/www.lehrermappe.bayern\/\" target=\"_blank\" rel=\"noreferrer noopener\">http:\/\/www.lehrermappe.bayern\/<\/a><\/p>\n\n\n\n<p>\u2013 YouTube \u2013 Kanal des Bayerischen Baugewerbes:<br><a href=\"https:\/\/www.youtube.com\/channel\/UCgRuCGUqzHW-kP7B1_Nc_MQ\" target=\"_blank\" rel=\"noreferrer noopener\">https:\/\/www.youtube.com\/channel\/UCgRuCGUqzHW-kP7B1_Nc_MQ<\/a><\/p>\n\n\n\n<p>\u2013 Bauberufe.net \u2013 Rubrik Videos: <br><a href=\"http:\/\/www.bauberufe.net\/videos.html\" target=\"_blank\" rel=\"noreferrer noopener\">http:\/\/www.bauberufe.net\/videos.html<\/a><\/p>\n\n\n\n<p><strong><span style=\"text-decoration: underline;\">Das Wichtigste in K\u00fcrze:<\/span><\/strong><\/p>\n\n\n\n<p><strong>In diesem Flyer finden Sie alles auf einen Blick:<\/strong><\/p>\n\n\n\n<p><strong><a href=\"https:\/\/www.bauinnung-regensburg.de\/wp-content\/uploads\/2023\/06\/Die-Beschaeftigung-am-Bau-Auf-einen-Blick-Stand-Maerz-2023.pdf\" data-type=\"attachment\" data-id=\"477\" target=\"_blank\" rel=\"noreferrer noopener\">Besch\u00e4ftigung am Bau auf einen Blick<\/a><\/strong><\/p>\n\n\n\n<p><strong><span style=\"text-decoration: underline;\">1. Bauberufe im \u00dcberblick<\/span><\/strong><br><br>Unter Bauberufen versteht man nicht nur die 18 klassischen gewerblichen Bauberufe auf der Baustelle.<br>Auch die T\u00e4tigkeiten als technische und kaufm\u00e4nnische Angestellte sowie Poliere \u00f6ffnen den Weg in eine sichere berufliche Zukunft.<br>Schlie\u00dflich m\u00fcssen Bauvorhaben auch im B\u00fcro und auf der Baustelle geplant, koordiniert, vermessen und abgerechnet werden.<br>B\u00fcro- und Baustellenpersonal arbeiten am Bau Hand in Hand.<\/p>\n\n\n\n<p>Ausf\u00fchrliche Informationen zu Bauberufen erhalten Lehrkr\u00e4fte, Eltern und Sch\u00fcler <a href=\"http:\/\/www.lehrermappe.bayern\/\">hier<\/a>.<\/p>\n\n\n\n<p><strong><span style=\"text-decoration: underline;\">2. Bezahlung der Ausbildungsberufe<\/span><\/strong><br><br>a) Bestbezahltester Ausbildungsberuf im Handwerk<br>N\u00e4heres hierzu finden Sie in der nachstehenden PDF (Stand 2023): <a href=\"https:\/\/www.bauinnung-regensburg.de\/wp-content\/uploads\/2023\/06\/Gewerbliche-Ausbildungsverguetungen-ab-April-2023.pdf\" data-type=\"attachment\" data-id=\"300\" target=\"_blank\" rel=\"noreferrer noopener\">\u00dcbersicht Ausbildunsverg\u00fctungen im Handwerk 2023<\/a> <br>b) Erster Rang bundesweit in allen Ausbildungsberufen: <a href=\"https:\/\/www.bauinnung-regensburg.de\/wp-content\/uploads\/2023\/06\/2017-Uebersicht_Ausbildungsverguetungen-Handwerk1-1.pdf\" data-type=\"attachment\" data-id=\"297\" target=\"_blank\" rel=\"noreferrer noopener\">Stand 2017 Gesamt\u00fcbersicht Ausbildungsverg\u00fctung 2023 <\/a><br>c) H\u00f6he der Ausbildungsverg\u00fctung (Stand: 2023)<\/p>\n\n\n\n<p>Gewerbliche Auszubildende (Stand: 2023)<br><strong>\u2013 1. Lehrjahr: 850 Euro<br>\u2013 2. Lehrjahr: 1.200 Euro<br>\u2013 3. Lehrjahr: 1.475 Euro <\/strong><\/p>\n\n\n\n<p>Technische und kaufm\u00e4nnische Auszubildende (Stand: Mai 2018):<br><strong>\u2013 1. Lehrjahr: 845 Euro<br>\u2013 2. Lehrjahr: 1.078 Euro<br>\u2013 3. Lehrjahr: 1.364 Euro<\/strong><\/p>\n\n\n\n<p><strong><span style=\"text-decoration: underline;\">3. Betriebsinterne Aufstiegsm\u00f6glichkeiten zum Vorarbeiter, Werkpolier, Polier oder Meister gegeben<\/span><\/strong><\/p>\n\n\n\n<p>Die Details erfahren Sie hier: <a href=\"https:\/\/www.bauinnung-regensburg.de\/wp-content\/uploads\/2024\/06\/Flyer-Bauinnung-Regensburg-Das-Praktikum-am-Bau.pdf\" data-type=\"attachment\" data-id=\"676\">Flyer \u2013 Aufstiegsm\u00f6glichkeiten am Bau<\/a><br>Die Verdienstm\u00f6glichkeiten betragen beispielsweise:<br>a) Vorarbeiter: 3.745,- Euro<br>b) Werkpolier: 4.100,- Euro<br>c) Poliere und Meister: Gehaltsgruppe A VII 4.732,- Euro, Gehaltsgruppe A VIII 5.198,- Euro<\/p>\n\n\n\n<p><strong><span style=\"text-decoration: underline;\">4. Herausforderung\/Abwechslung jeden Tag auf\u00b4s Neue<\/span><\/strong><\/p>\n\n\n\n<p>a) Bauwerke sind Unikate. Jedes Bauvorhaben ist anders und bringt neue Herausforderungen f\u00fcr den Arbeitnehmer mit sich.<br>b) Bauwerke zu erstellen ist eine technisch anspruchsvolle T\u00e4tigkeit. Das abgeleistete Arbeitsergebnis hat man im Gegensatz zu anderen Berufen jeden Tag vor Augen und es ist auch noch Jahre sp\u00e4ter sichtbar.<br>c) Der Einsatz von technisch hochwertigen Maschinen erleichtert das Arbeitsleben wesentlich. Heute wird fortschrittlicher gebaut als noch vor 20 Jahren. Davon profitiert auch der Arbeitnehmer.<br>d) Vom handwerklichen Geschick und durch eine Bauausbildung profitiert ein Arbeitnehmer auch im privaten Alltag. T\u00e4tigkeiten im eigenen Zuhause lassen sich leichter und kosteng\u00fcnstiger selbst erledigen.<\/p>\n\n\n\n<p><strong><span style=\"text-decoration: underline;\">5. Generell hohes Lohnniveau im bayerischen Bauhandwerk<\/span><\/strong><\/p>\n\n\n\n<p>a) Tariflohn Spezialfacharbeiter <strong>20,63 Euro<\/strong><br>Folge: Bruttomonatslohn <strong>3.568,99 Euro<\/strong> (= 20,63 Euro x 173 Arbeitsstunden)<\/p>\n\n\n\n<p>b) durchschnittlich bezahlter Stundenlohn <strong>16,94 Euro<\/strong><br>(durchschnittl. bezahlter Lohn der Lohngruppen 1 \u2013 6) <br>\u25ba Die aktuellen L\u00f6hne und Geh\u00e4lter am Bau finden Sie hier: <a href=\"https:\/\/www.bauinnung-regensburg.de\/?page_id=124\" data-type=\"page\" data-id=\"124\">Loehne___Gehaelter___Ausbildungsverguetungen_Bau_ab_November_2023<\/a><\/p>\n\n\n\n<p>Der Lohn, den ein Bauarbeiter in seinem Erwerbsleben verdient, h\u00e4lt auch dem Vergleich mit dem Gehalt eines Akademikers statt.<br>Siehe folgende Gegen\u00fcberstellung: Verdienstvergleich Facharbeiter zu Akademiker<\/p>\n\n\n\n<p>Aber nicht nur auf den mit dem Arbeitgeber vereinbarten Stundenlohn kommt es an.<br>Rechnet man alle Leistungen des Arbeitgebers, die er monatlich oder j\u00e4hrlich an den Arbeitnehmer zahlt, auf einen Stundenlohn um, so erh\u00e4lt der Arbeitnehmer deutlich mehr, als sein \u201enormaler\u201c Stundenlohn betr\u00e4gt.<\/p>\n\n\n\n<p>Mehr erfahren Sie hier: <a href=\"https:\/\/www.bauinnung-regensburg.de\/wp-content\/uploads\/2023\/06\/Verguetungen-fuer-Angestellte-und-Poliere-in-Bayern-ab-April-2023.pdf\" data-type=\"attachment\" data-id=\"423\">Gesamtverdienst Arbeitnehmer pro Stunde<\/a><\/p>\n\n\n\n<p><strong><span style=\"text-decoration: underline;\">6. H\u00f6chste Mindestl\u00f6hne aller Branchen bundesweit<\/span><\/strong><\/p>\n\n\n\n<p>a) Mindestlohn 1 \u2013 West <strong>12,20 Euro<\/strong><br>Folge: <strong>2.110,60 Euro<\/strong> Lohn monatlich garantiert (= 12,20 Euro x 173 Arbeitsstunden)<\/p>\n\n\n\n<p>b) Mindestlohn 2 \u2013 West <strong>15,20 Euro<\/strong><br>Folge: <strong>2.629,60 Euro<\/strong> Lohn monatlich garantiert (= 15,20 Euro x 173 Arbeitsstunden)<\/p>\n\n\n\n<p><strong><span style=\"text-decoration: underline;\">7. Zus\u00e4tzliches Urlaubsgeld<\/span><\/strong><\/p>\n\n\n\n<p>Durch das Sozialkassenverfahren der Bauwirtschaft wird jedem Arbeitnehmer ein zus\u00e4tzliches Urlaubsgeld garantiert. Das zus\u00e4tzliche Urlaubsgeld betr\u00e4gt 25 % des ohnehin w\u00e4hrend des Urlaubs weiterbezahlten Lohnes (= bei gewerblichen Arbeitnehmern pro Urlaubstag ca. 30 Euro brutto). Bei Angestellten betr\u00e4gt es pro Urlaubstag 24 Euro brutto.<\/p>\n\n\n\n<p>Was dies an finanziellem Vorteil pro Jahr ausmacht, erf\u00e4hrt man in nachfolgender PDF-Datei: <br><a href=\"https:\/\/www.bauinnung-regensburg.de\/wp-content\/uploads\/2024\/06\/Vorteile-Arbeitnehmer-SOKA-BAU.pdf\" data-type=\"attachment\" data-id=\"671\">Finanzielle Vorteile des Arbeitnehmers durch die Soka-Bau<\/a><\/p>\n\n\n\n<p><strong><span style=\"text-decoration: underline;\">8. Keine Leiharbeit droht<\/span><\/strong><\/p>\n\n\n\n<p>Die gewerbliche Arbeitnehmer\u00fcberlassung ist im Bauhauptgewerbe im Gegensatz zu anderen Branchen gesetzlich verboten. Dumpingl\u00f6hne oder andere aktuelle Probleme der Leiharbeit treten am Bau somit nicht auf.<\/p>\n\n\n\n<p><strong><span style=\"text-decoration: underline;\">9. Sicherheit auch in der Rente<\/span><\/strong><\/p>\n\n\n\n<p>Sicherheit im Alter ist aufgrund ungewisser gesetzlicher Rentenanspr\u00fcche zur Vermeidung von Altersarmut f\u00fcr jeden wichtig. Die Bautarife sehen daher zur zus\u00e4tzlichen Altersvorsorsge eine vom Arbeitgeber finanzierte Tarifrente Bau sowie vom Arbeitgeber und Arbeitnehmer gemeinsam finanzierte Zusatzrenten \u00fcber die Zusatzversorgungskasse (ZVK) vor.<br>F\u00fcr die Altervorsorge zahlt der Arbeitgeber monatlich bei gewerblichen Arbeitnehmern einen Betrag in H\u00f6he von 90 \u2013 100 Euro, bei Angestellten einen Betrag von 67 Euro allein f\u00fcr die Rentenbeihilfe ein.<br>Ein Arbeitnehmer erh\u00e4lt alleine durch die Tarifrente Bau zus\u00e4tzlich zur gesetzlichen Rente eine tarifliche Rentenerwartung in H\u00f6he von bis zu 363,00 Euro.<br>Was dies an finanziellem Vorteil pro Jahr ausmacht, erf\u00e4hrt man in nachfolgender PDF-Dateil: <br><a href=\"https:\/\/www.bauinnung-regensburg.de\/wp-content\/uploads\/2024\/06\/Vorteile-Arbeitnehmer-SOKA-BAU.pdf\" data-type=\"attachment\" data-id=\"671\">Finanzielle Vorteile des Arbeitnehmers durch die Soka-Bau<\/a><br><strong>Weitere Informationen unter:<\/strong><br><a href=\"https:\/\/www.soka-bau.de\/soka-bau-a-z\/tarifrente-bau\" target=\"_blank\" rel=\"noreferrer noopener\">https:\/\/www.soka-bau.de\/soka-bau-a-z\/tarifrente-bau<\/a><br>und<br><a href=\"https:\/\/www.soka-bau.de\/soka-bau-a-z\/baurente\" target=\"_blank\" rel=\"noreferrer noopener\">https:\/\/www.soka-bau.de\/soka-bau-a-z\/baurente<\/a><\/p>\n\n\n\n<p><strong><span style=\"text-decoration: underline;\">10. Das Praktikum als Vorstufe einer Ausbildung<\/span><\/strong><\/p>\n\n\n\n<p>Was erwartet mich im Baupraktikum, wo finde ich meinen Praktikumsbetrieb, welche Praktika bieten<br>Bauunternehmen an? Mehr erf\u00e4hrt man hier:<br><a href=\"https:\/\/www.bauinnung-regensburg.de\/wp-content\/uploads\/2024\/06\/Flyer-Bauinnung-Regensburg-Das-Praktikum-am-Bau.pdf\" data-type=\"attachment\" data-id=\"676\">Flyer \u2013 Das Praktikum am Bau<\/a><br>\u25ba <strong>Zu den Details:<\/strong> Sie haben Ideen, k\u00f6nnen gut anpacken und m\u00f6gen es, wenn Sie das Ergebnis Ihrer Arbeit sehen?<br>Dann ist einer der <strong>18 Bauberufe<\/strong> richtig f\u00fcr Sie.<br><a href=\"https:\/\/www.bauinnung-regensburg.de\/wp-content\/uploads\/2024\/06\/Flyer-18-Ausbildungsberufe-das-Wichtigste-im-Ueberblick.pdf\">Flyer \u2013 Die 18 Ausbildungsberufe im \u00dcberblick<\/a><\/p>\n\n\n\n<p>Eine Ausbildung in einem Bauberuf hat nicht nur Zukunft sondern bietet Ihnen auch vielseitige M\u00f6glichkeiten. Im nachstehenden Link werden Sie \u00fcber das Wichtigste zur Ausbildung in Kurzform informiert.<br>Schauen Sie gleich mal nach.<br><a href=\"https:\/\/www.bauinnung-regensburg.de\/wp-content\/uploads\/2024\/06\/Flyer-18-Ausbildungsberufe-das-Wichtigste-im-Ueberblick.pdf\">Flyer \u2013 Die 18 Ausbildungsberufe im \u00dcberblick<\/a><\/p>\n\n\n\n<p><strong><span style=\"text-decoration: underline;\">Wo finde ich meinen Meister?<\/span><\/strong><\/p>\n\n\n\n<p>Einen Meister, von dem man etwas lernen kann.<br>Einen Betrieb, der zu einem passt. Wie finden Sie das?Wir helfen Ihnen gerne dabei. Deshalb haben wir f\u00fcr Sie eine Liste von Ausbildungsbetrieben im Raum Regensburg, Kelheim und Schwandorf zusammengestellt.<br>Wenn Sie selbst einen Betrieb in Ihrer N\u00e4he kennen, k\u00f6nnen Sie nat\u00fcrlich auch direkt die Initiative ergreifen. Fragen Sie einfach an, ob das Unternehmen Ausbildungspl\u00e4tze bietet und bewerben Sie sich. <a href=\"https:\/\/www.bauinnung-regensburg.de\/?page_id=183\" data-type=\"page\" data-id=\"183\" target=\"_blank\" rel=\"noreferrer noopener\">Liste der Ausbildungsbetriebe (Raum Regensburg, Kelheim, Schwandorf)<\/a><\/p>\n\n\n\n<p>Sie k\u00f6nnen auch gezielt nach offenen Lehrstellen im Bauhandwerk vor Ort suchen.<br>Mithilfe der <strong>Handy-App. \u201eLehrstellenradar\u201c<\/strong> der Handwerkskammer Niederbayern-Oberpfalz.<br>F\u00fcr weitere Informationen klicken Sie auf den Link: <a href=\"http:\/\/www.hwkno.de\/lehrstellenradar\" target=\"_blank\" rel=\"noreferrer noopener\">http:\/\/www.hwkno.de\/lehrstellenradar<\/a><\/p>\n\n\n\n<p><strong>Ist das Baugewerbe auch etwas f\u00fcr Frauen?<\/strong><\/p>\n\n\n\n<p>Mit entsprechendem Talent und Vorlieben ist der Bau ein interessantes und gut bezahltes Arbeitsfeld \u2013 auch und gerade f\u00fcr Frauen.<br>Mehr Frauenpower t\u00e4te dem Bau sehr gut.<br>Beispiele gef\u00e4llig? Dann klicken Sie <a href=\"https:\/\/www.youtube.com\/watch?v=ixzY9zmf1tM\">>>hier&lt;&lt;<\/a><\/p>\n\n\n\n<p>F\u00fcr weitere <strong>Informationen<\/strong> zu Bauberufen klicken Sie auf die nachstehenden Links:<br><a href=\"http:\/\/www.bauberufe.net\" target=\"_blank\" rel=\"noreferrer noopener\">http:\/\/www.bauberufe.net<\/a><br><a href=\"https:\/\/www.zimmerer-ausbildung.de\" target=\"_blank\" rel=\"noreferrer noopener\">https:\/\/www.zimmerer-ausbildung.de<\/a><\/p>\n\n\n\n<p>Weitere Informationen zum Ausbildungsberuf des Zimmerers finden Sie zusammengefasst <a href=\"https:\/\/www.bauinnung-regensburg.de\/wp-content\/uploads\/2024\/06\/Zimmererhandwerk-Broschuere.pdf\" data-type=\"attachment\" data-id=\"672\">hier<\/a>. <\/p>\n\n\n\n<p>F\u00fcr Leute, die was gestalten wollen\u2026<\/p>\n\n\n\n<p>Informationen zum Ausbildungsberuf des Fliesen-Platten- und Mosaiklegers finden Sie<br>auf der Internetseite: <a href=\"https:\/\/www.fachverband-fliesen.de\" target=\"_blank\" rel=\"noreferrer noopener\">https:\/\/www.fachverband-fliesen.de<\/a> <\/p>\n\n\n\n<p>Weitere Informationen zur Ausbildung in den Bauberufen finden Sie au\u00dferdem <a href=\"https:\/\/ausbildungsnavigator.hwkno.de\/\">hier<\/a>.<\/p>\n\n\n\n<figure class=\"wp-block-image size-full\"><img loading=\"lazy\" decoding=\"async\" width=\"550\" height=\"382\" src=\"https:\/\/www.bauinnung-regensburg.de\/wp-content\/uploads\/2023\/06\/552x384_AZ_AmAnfang.jpg\" alt=\"\" class=\"wp-image-64\" srcset=\"https:\/\/www.bauinnung-regensburg.de\/wp-content\/uploads\/2023\/06\/552x384_AZ_AmAnfang.jpg 550w, https:\/\/www.bauinnung-regensburg.de\/wp-content\/uploads\/2023\/06\/552x384_AZ_AmAnfang-300x208.jpg 300w\" sizes=\"auto, (max-width: 550px) 100vw, 550px\" \/><\/figure>\n","protected":false},"excerpt":{"rendered":"<p>Einsteigen und durchstarten -in Deutschlands gr\u00f6\u00dfter Branche.18 Bauberufe \u2013 18 Chancen mit Zukunft!Baufachkr\u00e4fte k\u00f6nnen was \u2013 auch schon in der Ausbildung Machen Sie sich ein Bild davon unter Zufhilfenahme von aussagekr\u00e4tigen Videos: \u2013 Filme \u00fcber die Bauberufe gibt es unter:http:\/\/www.lehrermappe.bayern\/ \u2013 YouTube \u2013 Kanal des Bayerischen Baugewerbes:https:\/\/www.youtube.com\/channel\/UCgRuCGUqzHW-kP7B1_Nc_MQ \u2013 Bauberufe.net \u2013 Rubrik Videos: http:\/\/www.bauberufe.net\/videos.html Das Wichtigste [&hellip;]<\/p>\n","protected":false},"author":1,"featured_media":0,"parent":0,"menu_order":0,"comment_status":"closed","ping_status":"closed","template":"","meta":{"footnotes":""},"class_list":["post-137","page","type-page","status-publish","hentry"],"_links":{"self":[{"href":"https:\/\/www.bauinnung-regensburg.de\/index.php?rest_route=\/wp\/v2\/pages\/137","targetHints":{"allow":["GET"]}}],"collection":[{"href":"https:\/\/www.bauinnung-regensburg.de\/index.php?rest_route=\/wp\/v2\/pages"}],"about":[{"href":"https:\/\/www.bauinnung-regensburg.de\/index.php?rest_route=\/wp\/v2\/types\/page"}],"author":[{"embeddable":true,"href":"https:\/\/www.bauinnung-regensburg.de\/index.php?rest_route=\/wp\/v2\/users\/1"}],"replies":[{"embeddable":true,"href":"https:\/\/www.bauinnung-regensburg.de\/index.php?rest_route=%2Fwp%2Fv2%2Fcomments&post=137"}],"version-history":[{"count":37,"href":"https:\/\/www.bauinnung-regensburg.de\/index.php?rest_route=\/wp\/v2\/pages\/137\/revisions"}],"predecessor-version":[{"id":694,"href":"https:\/\/www.bauinnung-regensburg.de\/index.php?rest_route=\/wp\/v2\/pages\/137\/revisions\/694"}],"wp:attachment":[{"href":"https:\/\/www.bauinnung-regensburg.de\/index.php?rest_route=%2Fwp%2Fv2%2Fmedia&parent=137"}],"curies":[{"name":"wp","href":"https:\/\/api.w.org\/{rel}","templated":true}]}}