{"id":153,"date":"2023-06-19T09:31:21","date_gmt":"2023-06-19T09:31:21","guid":{"rendered":"https:\/\/www.bauinnung-regensburg.de\/?page_id=153"},"modified":"2023-07-04T09:25:37","modified_gmt":"2023-07-04T09:25:37","slug":"10-baufakten","status":"publish","type":"page","link":"https:\/\/www.bauinnung-regensburg.de\/?page_id=153","title":{"rendered":"10 Baufakten"},"content":{"rendered":"\n<p><strong><span style=\"text-decoration: underline;\">10 Fakten &#8211; Wussten Sie das \u00fcber den Bau?<\/span><\/strong><br>&nbsp;<\/p>\n\n\n\n<p><strong>Bevor wir zu den Fakten kommen, lassen wir Bilder \u00fcber das Baugewerbe\u00a0 unter folgendem Link zu Ihnen sprechen:<\/strong><br><a href=\"https:\/\/www.youtube.com\/watch?v=PS9s7KOYhYo\" target=\"_blank\" rel=\"noreferrer noopener\"><u>https:\/\/www.youtube.com\/watch?v=PS9s7KOYhYo<\/u><\/a><br>\u00a0<\/p>\n\n\n\n<p><strong><span style=\"text-decoration: underline;\">1. Bau in Bayern:&nbsp;Anteil der Bauindustrie &#8211;&nbsp;Anteil des Bauhandwerks<\/span><\/strong><br>Das Bauhauptgewerbe in Bayern ist \u00fcberwiegend handwerksgepr\u00e4gt und nicht wie andere Wirtschaftsbereiche industriegepr\u00e4gt:&nbsp;<\/p>\n\n\n\n<ul class=\"dots-visible wp-block-list\">\n<li>65 % der 13.300 bayerischen Betriebe des Bauhauptgewerbes sind Handwerksbetriebe<\/li>\n\n\n\n<li class=\"dots-visible\">Das Bauhandwerk realisiert 75 % der Gesamtproduktion, im Wohnungsbau sogar 86,9 %<\/li>\n\n\n\n<li>75 % der 142.000 bayerischen Bauarbeitnehmer (bundeweit sind 805.000 Bauarbeitnehmer) sind im Bauhandwerk besch\u00e4ftigt.<\/li>\n\n\n\n<li>Knapp 80 % der Bauauszubildenden finden im Handwerk ihre Lehrstelle<\/li>\n<\/ul>\n\n\n\n<p><strong>Folge<\/strong>: Das Bauhandwerk ist die Bauwirtschaftsmacht von nebenan!<\/p>\n\n\n\n<p><strong><span style=\"text-decoration: underline;\">2. Ausbildung am Bau<\/span><\/strong><br>Allein 18 gewerbliche (= Berufsaus\u00fcbung vorwiegend auf der Baustelle) Ausbildungsberufe gibt es am Bau.<br>Hinzu kommen noch mehrere technische (z. B. Bauzeichner\/-in) und kaufm\u00e4nnische Ausbildungsberufe (z. B. B\u00fcrokauffrau\/-mann).<br>Die Ausbildungsquote betr\u00e4gt bundesweit&nbsp;5 % (34.000 Bauauszubildende sind es gesamt).<br>Jedes 20. Besch\u00e4ftigungsverh\u00e4ltnis am Bau ist somit ein Ausbildungsverh\u00e4ltnis.<br>Von den deutschlandweit 73.300 Betrieben des Bauhauptgewerbes mit mindestens einem Arbeitnehmer&nbsp;bilden 14.300 Betriebe (= 20 % ) aus.<br>&nbsp;&nbsp;<\/p>\n\n\n\n<p><strong><span style=\"text-decoration: underline;\">3. Anzahl der Baubetriebe Bund\/Bayern<\/span><\/strong><br>73.300 Betriebe des Bauhauptgewerbes gibt es in Deutschland, 13.300 davon in Bayern (Anteil Bayern&nbsp;18 %).<br>&nbsp;<\/p>\n\n\n\n<p><strong><span style=\"text-decoration: underline;\">4. Leiharbeit<\/span><\/strong><br>Leiharbeit (= gewerbliche Arbeitnehmer\u00fcberlassung) ist am Bau gesetzlich verboten.<br>Gleiche Arbeit wird am Bau auch gleich bezahlt.<br>&nbsp;<\/p>\n\n\n\n<p><strong><span style=\"text-decoration: underline;\">5. Durchschnittliche Gr\u00f6\u00dfe des Baubetriebes<\/span><\/strong><br>Der durchschnittliche Baubetrieb in Deutschland besch\u00e4ftigt 10 Arbeitnehmer. 83 % der Baubetriebe besch\u00e4ftigen damit nicht mehr als 10 Arbeitnehmer, gar 93 % der Betriebe nicht mehr als 20 Arbeitnehmer. Den Baumittelstand bildet somit das Bauhandwerk und das mit Betrieben von 10 bis 20 Besch\u00e4ftigten.<br>Viele Firmen sind Familienbetriebe. Insgesamt gibt es in Bayern 133 Betriebe (dies entspricht einem Anteil in H\u00f6he von ca. 1 % an der Gesamtzahl der Betriebe)&nbsp;mit 100 oder mehr Besch\u00e4ftigten, von denen unser Verband \u00fcber die H\u00e4lfte in unserer Organisation vertritt. In ganz Deutschland gibt es 13 Bauunternehmen mit mehr als 500 Besch\u00e4ftigten (dies entspricht einem Anteil in H\u00f6he von ca. 0,02 % an der Gesamtzahl der Betriebe).<br>&nbsp;<\/p>\n\n\n\n<p><strong><span style=\"text-decoration: underline;\">6. Umsatz im Bauhauptgewerbe pro Jahr<\/span><\/strong><br>Mehr als 112&nbsp;Milliarden Euro erwirtschaftet&nbsp;das Bauhauptgewerbe an Umsatz bundesweit pro Jahr.<br>Auf Bayern entfallen dabei&nbsp;22,5 Milliarden Euro (Anteil Bayern ca. 20 %).<br>Dieser Umsatz wird in Bayern und im Bund&nbsp;in der Regel zu ca. je 1\/3&nbsp;in folgenden 3 Bereichen erwirtschaftet:<\/p>\n\n\n\n<ul class=\"dots-visible wp-block-list\">\n<li>\u00d6ffentlicher Bau (Komunen sind Hauptauftraggeber)<\/li>\n\n\n\n<li>Gewerbe und Wirtschaftsbau (Firmen sind Hauptauftraggeber)<\/li>\n\n\n\n<li>Wohnungsbau (Private\/Verbraucher sind Hauptauftraggeber)<\/li>\n<\/ul>\n\n\n\n<p>Die aktuellen Zahlen 2017\/2018 finden Sie hier:<\/p>\n\n\n\n<p><a href=\"https:\/\/www.bauinnung-regensburg.de\/wp-admin\/images\/%dcbersicht%20erwartungen%202018ee37.pdf?lcr=ru\" target=\"_blank\" rel=\"noreferrer noopener\">\u00dcbersicht Erwartungen 2018<\/a><\/p>\n\n\n\n<p><a href=\"https:\/\/www.bauinnung-regensburg.de\/wp-admin\/images\/zahlen_konjunktur%202012%20bis%202018b354.pdf?lcr=ru\" target=\"_blank\" rel=\"noreferrer noopener\">Zahlen Konjunktur 2012 bis 2018<\/a><\/p>\n\n\n\n<p><strong><span style=\"text-decoration: underline;\">7.&nbsp; Mindestlohn<\/span><\/strong><br>Am Bau gibt es mehrere und die h\u00f6chsten Mindestl\u00f6hne in Deutschland.<br>An diese Mindestl\u00f6hne muss sich jeder Arbeitgeber halten.<br>Der Mindestlohn&nbsp;1 &#8211; West (Mindestlohn f\u00fcr einen Bauhelfer) betr\u00e4gt seit Januar 2018 pro Stunde 11,75 Euro.<br>Der Mindestlohn&nbsp;2 &#8211; West (Mindestlohn f\u00fcr einen Arbeitnehmer, der Teilleistungen eines Bauberufsbildes erbringt) betr\u00e4gt seit Januar 2018 pro Stunde 14,95 Euro.<br>Damit liegen die Baumindestl\u00f6hne weit \u00fcber der H\u00f6he des derzeit diskutierten gesetzlichen Mindestlohnes.<br>Anbei eine \u00dcbersicht der Mindestl\u00f6hne Bau- und Ausbaugewerbe &#8211; allerdings noch mit Stand&nbsp;Januar 2019<\/p>\n\n\n\n<p><a href=\"https:\/\/www.bauinnung-regensburg.de\/wp-content\/uploads\/2023\/06\/Anlage-Mindestloehne-Bauhaupt-und-Bauneben-Stand-Januar-2019.pdf\" data-type=\"attachment\" data-id=\"431\" target=\"_blank\" rel=\"noreferrer noopener\">Mindestlohn Bau und Ausbau ab Januar 2019<\/a><\/p>\n\n\n\n<p><strong><span style=\"text-decoration: underline;\">8. Verdienstm\u00f6glichkeiten<\/span><\/strong><br>Am Bau ist das Verdienstniveau so hoch wie in kaum einem anderen Handwerk.<br>Von der h\u00f6chsten Ausbildungsverg\u00fctung aller Handwerke angefangen, \u00fcber den Lohn des gewerblichen Arbeitnehmers, bis hin zum Gehalt des technischen oder kaufm\u00e4nnischen Angestellten.<br>Der durchschnittliche (= Durchschnitt aller 6 Lohngruppen am Bau) Lohn eines gewerblichen Bauarbeitnehmers in Bayern betr\u00e4gt 16,94 Euro.<br>&nbsp;<\/p>\n\n\n\n<p>\u25ba\u00a0<strong><u>Die aktuellen L\u00f6hne und Geh\u00e4lter am Bau finden Sie hier:\u00a0<\/u><a href=\"https:\/\/www.bauinnung-regensburg.de\/?page_id=124\" data-type=\"page\" data-id=\"124\">Loehne___Gehaelter___Ausbildungsverguetungen_Bau_ab_November_2021<\/a><\/strong><br><br>Der Lohn, den ein Bauarbeiter in seinem Erwerbsleben verdient, h\u00e4lt auch dem Vergleich mit dem Gehalt eines Akademikers statt.<br>Siehe folgende Gegen\u00fcberstellung:<\/p>\n\n\n\n<p><a href=\"https:\/\/www.bauinnung-regensburg.de\/wp-content\/uploads\/2023\/06\/Verdienst-eines-gewerblichen-Bauarbeiters-Vergleich-zu-Akademiker-Langversion-Stand-Maerz-2018-Endfassung.pdf\" data-type=\"attachment\" data-id=\"422\" target=\"_blank\" rel=\"noreferrer noopener\">Verdienst Vergleich Bauarbeiter zu Akademiker<\/a><\/p>\n\n\n\n<p>Durch das Sozialkassenverfahren der Bauwirtschaft&nbsp;sind jedem Arbeitnehmer ein zus\u00e4tzliches Urlaubsgeld und eine rein arbeitgeberfinanzierte Altervorsorge in Form der Tarifrente Bau garantiert.<br>Das zus\u00e4tzliche Urlaubsgeld betr\u00e4gt 25 % (2016 und 2017 Absenkung auf 20 %) des ohnehin w\u00e4hrend des Urlaubs weiterbezahlten Lohnes (bei gewerblichen Arbeitnehmern entspricht dies pro Urlaubstag ca. 30 Euro brutto).<br>Bei Angestellten betr\u00e4gt es pro Urlaubstag 24 Euro brutto (2016 und 2017 Absenkung auf 19 Euro brutto).<br>F\u00fcr die Altervorsorge zahlt der Arbeitgeber monatlich bei gewerblichen Arbeitnehmern ca. 90 &#8211; 100 Euro, bei Angestellten 67 Euro (2016 und 2017 79,50 Euro) f\u00fcr den Arbeitnehmer ein.<\/p>\n\n\n\n<p><strong><span style=\"text-decoration: underline;\">9. Technischer Fortschritt<\/span><\/strong><br>Der technische Fortschritt hat am Bau l\u00e4ngst Einzug gehalten.<br>Der maschinelle Einsatz erleichtert nicht nur das Arbeitsleben der Arbeiter auf Baustellen enorm, sondern sorgt auch daf\u00fcr, dass H\u00e4user heutzutage anders gebaut werden als vor 20 Jahren.<\/p>\n\n\n\n<p><strong><span style=\"text-decoration: underline;\">10. Winterbedingte K\u00fcndigung<\/span><\/strong><br>Die Winterarbeitslosigkeit erreichte im Dezember 2010 einen erfreulichen historischen Tiefstand.<br>Nur noch jeder&nbsp;siebte Arbeitnehmer musste \u00fcber die Wintermonate bundesweit gek\u00fcndigt werden.<br>Auch nach dem Jahr 2010 liegt die Winterarbeitslosigkeit bis zum heutigen Tage auf niedrigem Niveau.<br>Die Baubetriebe sorgen trotz oftmals fehlender Auftr\u00e4ge \u00fcber die Wintermonate unter Inkaufnahme eigener finanzieller Aufwendungen daf\u00fcr, dass den Bauarbeitnehmern eine durchgehende Besch\u00e4ftigung zur Verf\u00fcgung gestellt wird.<\/p>\n","protected":false},"excerpt":{"rendered":"<p>10 Fakten &#8211; Wussten Sie das \u00fcber den Bau?&nbsp; Bevor wir zu den Fakten kommen, lassen wir Bilder \u00fcber das Baugewerbe\u00a0 unter folgendem Link zu Ihnen sprechen:https:\/\/www.youtube.com\/watch?v=PS9s7KOYhYo\u00a0 1. Bau in Bayern:&nbsp;Anteil der Bauindustrie &#8211;&nbsp;Anteil des BauhandwerksDas Bauhauptgewerbe in Bayern ist \u00fcberwiegend handwerksgepr\u00e4gt und nicht wie andere Wirtschaftsbereiche industriegepr\u00e4gt:&nbsp; Folge: Das Bauhandwerk ist die Bauwirtschaftsmacht von [&hellip;]<\/p>\n","protected":false},"author":1,"featured_media":0,"parent":0,"menu_order":0,"comment_status":"closed","ping_status":"closed","template":"","meta":{"footnotes":""},"class_list":["post-153","page","type-page","status-publish","hentry"],"_links":{"self":[{"href":"https:\/\/www.bauinnung-regensburg.de\/index.php?rest_route=\/wp\/v2\/pages\/153","targetHints":{"allow":["GET"]}}],"collection":[{"href":"https:\/\/www.bauinnung-regensburg.de\/index.php?rest_route=\/wp\/v2\/pages"}],"about":[{"href":"https:\/\/www.bauinnung-regensburg.de\/index.php?rest_route=\/wp\/v2\/types\/page"}],"author":[{"embeddable":true,"href":"https:\/\/www.bauinnung-regensburg.de\/index.php?rest_route=\/wp\/v2\/users\/1"}],"replies":[{"embeddable":true,"href":"https:\/\/www.bauinnung-regensburg.de\/index.php?rest_route=%2Fwp%2Fv2%2Fcomments&post=153"}],"version-history":[{"count":15,"href":"https:\/\/www.bauinnung-regensburg.de\/index.php?rest_route=\/wp\/v2\/pages\/153\/revisions"}],"predecessor-version":[{"id":563,"href":"https:\/\/www.bauinnung-regensburg.de\/index.php?rest_route=\/wp\/v2\/pages\/153\/revisions\/563"}],"wp:attachment":[{"href":"https:\/\/www.bauinnung-regensburg.de\/index.php?rest_route=%2Fwp%2Fv2%2Fmedia&parent=153"}],"curies":[{"name":"wp","href":"https:\/\/api.w.org\/{rel}","templated":true}]}}