{"id":163,"date":"2023-06-19T09:37:43","date_gmt":"2023-06-19T09:37:43","guid":{"rendered":"https:\/\/www.bauinnung-regensburg.de\/?page_id=163"},"modified":"2024-06-27T08:12:54","modified_gmt":"2024-06-27T08:12:54","slug":"nichtteilnahme-am-sozialkassenverfahren-bau","status":"publish","type":"page","link":"https:\/\/www.bauinnung-regensburg.de\/?page_id=163","title":{"rendered":"Nichtteilnahme am Sozialkassenverfahren Bau"},"content":{"rendered":"\n<p><strong>Informationen zum &#8222;Regensburger Modell f\u00fcr fairen Wettbewerb&#8220; finden Sie hier:<\/strong><br><img decoding=\"async\" src=\"http:\/\/www.bauinnung-regensburg.de\/web\/imagesSys\/sym\/icon_pdf.gif\" alt=\"\">\u00a0<a href=\"https:\/\/www.bauinnung-regensburg.de\/wp-content\/uploads\/2023\/07\/Broschuere-Regensburger-Modell-Stand-2023.pdf\" data-type=\"attachment\" data-id=\"548\" target=\"_blank\" rel=\"noreferrer noopener\">Brosch\u00fcre Regensburer Modell<\/a><\/p>\n\n\n\n<p>Nimmt ein Baubetrieb trotz seiner Verpflichtung nicht am Sozialkassenverfahren der Bauwirtschaft teil, so entgeht einem Bauarbeitnehmer dadurch nicht nur viel Geld (= zus\u00e4tzliches Urlaubsgeld + zus\u00e4tzliche tarifliche Altersvorsorge = ca. 2.000 Euro brutto pro Jahr), sondern der faire Wettbewerb und die Beitragsgerechtigkeit zu den teilnehmenden Baubetrieben ist gef\u00e4hrdet.<\/p>\n\n\n\n<p>Details erfahren Sie hier:<br><a href=\"https:\/\/www.bauinnung-regensburg.de\/wp-content\/uploads\/2023\/07\/Vorteile-Arbeitnehmer-SOKA-BAU-Neu-Stand-Januar-2019.pdf\" data-type=\"attachment\" data-id=\"550\" target=\"_blank\" rel=\"noreferrer noopener\">Vorteile Arbeitnehmer SOKA-Bau<\/a><\/p>\n\n\n\n<p>Im Jahr 2012 beschlossen wir als Bauinnung Regensburg daher, Verdachtsmeldungen \u00fcber Nichtinnungsbetriebe, die bis dahin pflichtwidrig nicht am Sozialkassenverfahren teilnahmen, an die Abteilung der Betriebserfassung der Sozialkassen der Bauwirtschaft (= SOKA-BAU) zu schicken.<br>Ende 2020 konnten wir hinsichtlich dieser Meldungen Bilanz ziehen.<br>Aus Sicht der Bauinnung Regensburg f\u00e4llt diese Bilanz aufgrund der zu verzeichnenden Zahlen sehr zufriedenstellend aus.<br>Eine Auswertung der SOKA-BAU hinsichtlich der 1.310 Meldungen, die die Bauinnung Regensburg im Zeitraum von Anfang des Jahres 2012 bis&nbsp;Ende 2020 dorthin geschickt hat, hat zusammengefasst folgende Erfolgszahlen ergeben:<\/p>\n\n\n\n<p><strong><u>1. Anzahl der neu erfassten Betriebe<\/u><\/strong><br>Bis Ende 2020 konnte die SOKA-BAU ausschlie\u00dflich auf Basis dieser Meldungen aus Regensburg 316 Betriebe neu erfassen.<\/p>\n\n\n\n<p><strong><u>2. Steigerung der Beitragseinnahmen der SOKA-BAU durch 316 neu erfasste Betriebe<\/u><\/strong><br>Die Gesamteinnahmen, die die SOKA-BAU f\u00fcr diese oben genannten 316 Betriebe verzeichnen konnte, belaufen sich (inklusive r\u00fcckwirkender Erfassung) f\u00fcr den Zeitraum 2010 bis&nbsp;Ende 2020 auf knapp 8,1 Mio. Euro.<\/p>\n\n\n\n<p><strong><span style=\"text-decoration: underline;\">Hintergrundinformationen zum Sozialkassenverfahren der Bauwirtschaft<\/span><\/strong><\/p>\n\n\n\n<p>Allgemeine Informationen zum Sozialkassenverfahren erhalten Sie in folgenden PDF-Datei:<\/p>\n\n\n\n<p><a href=\"https:\/\/www.bauinnung-regensburg.de\/wp-content\/uploads\/2023\/07\/Das-Sozialkassenverfahren-der-Bauwirtschaft-Informationsbroschuere.pdf\" data-type=\"attachment\" data-id=\"549\" target=\"_blank\" rel=\"noreferrer noopener\">Das Sozialkassenverfahren der Bauwirtschaft &#8211; Informationsbrosch\u00fcre<\/a><\/p>\n\n\n\n<p>Informationen dar\u00fcber, welche Betriebe als Baubetriebe am Sozialkassenverfahren teilnehmen m\u00fcssen, erhalten Sie in den folgenden PDF-Dateien:<\/p>\n\n\n\n<p><a href=\"https:\/\/www.bauinnung-regensburg.de\/wp-content\/uploads\/2023\/07\/Auszug-aus-Verfahrenstarifvertrag-Kurzauflistung-der-Bauleistungen.pdf\" data-type=\"attachment\" data-id=\"547\" target=\"_blank\" rel=\"noreferrer noopener\">Auszug aus Verfahrenstarifvertrag &#8211; Kurzauflistung der Bauleistungen<\/a><\/p>\n\n\n\n<p><a href=\"https:\/\/www.bauinnung-regensburg.de\/wp-content\/uploads\/2023\/07\/Welche-Taetigkeiten-gelten-als-Bauleistungen-Kurzinformation.pdf\" data-type=\"attachment\" data-id=\"551\" target=\"_blank\" rel=\"noreferrer noopener\">Welche T\u00e4tigkeiten gelten als Bauleistungen? &#8211; Kurzinformation<\/a><\/p>\n\n\n\n<p><a href=\"https:\/\/www.bauinnung-regensburg.de\/wp-content\/uploads\/2023\/07\/Alphabetische-Aufzaehlung-Bauleistungen.pdf\" data-type=\"attachment\" data-id=\"546\" target=\"_blank\" rel=\"noreferrer noopener\">Alphabetische Aufz\u00e4hlung von Bauleistungen<\/a><\/p>\n\n\n\n<p><strong><span style=\"text-decoration: underline;\">Tipp:<\/span><\/strong><br>Ob ein Bauarbeitgeber am Sozialkassenverfahren teilnimmt, kann man dadurch \u00fcberpr\u00fcfen, indem man nachschaut,&nbsp;ob man als Arbeitnehmer eine Arbeitnehmernummer bei der SOKA-BAU hat bzw. ob die SOKA-BAU einem den Arbeitnehmerkontoauszug einmal pro Jahr (im April\/Mai eines Jahres) selbst&nbsp;zuschickt.<br><br>Den fairen Wettbewerb versuchen wir als Bauinnung auch durch Bek\u00e4mpfung der handwerksrechtlichen Schwarzarbeit herzustellen.<br>N\u00e4here Informationen hierzu erfahren Sie&nbsp;<a href=\"https:\/\/www.bauinnung-regensburg.de\/wp-content\/uploads\/2023\/07\/Broschuere-Regensburger-Modell-Stand-2023.pdf\" data-type=\"attachment\" data-id=\"548\" target=\"_blank\" rel=\"noreferrer noopener\"><strong>hier<\/strong><\/a><\/p>\n","protected":false},"excerpt":{"rendered":"<p>Informationen zum &#8222;Regensburger Modell f\u00fcr fairen Wettbewerb&#8220; finden Sie hier:\u00a0Brosch\u00fcre Regensburer Modell Nimmt ein Baubetrieb trotz seiner Verpflichtung nicht am Sozialkassenverfahren der Bauwirtschaft teil, so entgeht einem Bauarbeitnehmer dadurch nicht nur viel Geld (= zus\u00e4tzliches Urlaubsgeld + zus\u00e4tzliche tarifliche Altersvorsorge = ca. 2.000 Euro brutto pro Jahr), sondern der faire Wettbewerb und die Beitragsgerechtigkeit zu [&hellip;]<\/p>\n","protected":false},"author":1,"featured_media":0,"parent":0,"menu_order":0,"comment_status":"closed","ping_status":"closed","template":"","meta":{"footnotes":""},"class_list":["post-163","page","type-page","status-publish","hentry"],"_links":{"self":[{"href":"https:\/\/www.bauinnung-regensburg.de\/index.php?rest_route=\/wp\/v2\/pages\/163","targetHints":{"allow":["GET"]}}],"collection":[{"href":"https:\/\/www.bauinnung-regensburg.de\/index.php?rest_route=\/wp\/v2\/pages"}],"about":[{"href":"https:\/\/www.bauinnung-regensburg.de\/index.php?rest_route=\/wp\/v2\/types\/page"}],"author":[{"embeddable":true,"href":"https:\/\/www.bauinnung-regensburg.de\/index.php?rest_route=\/wp\/v2\/users\/1"}],"replies":[{"embeddable":true,"href":"https:\/\/www.bauinnung-regensburg.de\/index.php?rest_route=%2Fwp%2Fv2%2Fcomments&post=163"}],"version-history":[{"count":12,"href":"https:\/\/www.bauinnung-regensburg.de\/index.php?rest_route=\/wp\/v2\/pages\/163\/revisions"}],"predecessor-version":[{"id":697,"href":"https:\/\/www.bauinnung-regensburg.de\/index.php?rest_route=\/wp\/v2\/pages\/163\/revisions\/697"}],"wp:attachment":[{"href":"https:\/\/www.bauinnung-regensburg.de\/index.php?rest_route=%2Fwp%2Fv2%2Fmedia&parent=163"}],"curies":[{"name":"wp","href":"https:\/\/api.w.org\/{rel}","templated":true}]}}