{"id":165,"date":"2023-06-19T09:38:42","date_gmt":"2023-06-19T09:38:42","guid":{"rendered":"https:\/\/www.bauinnung-regensburg.de\/?page_id=165"},"modified":"2024-06-27T08:14:02","modified_gmt":"2024-06-27T08:14:02","slug":"betriebsleiter-nur-zum-schein","status":"publish","type":"page","link":"https:\/\/www.bauinnung-regensburg.de\/?page_id=165","title":{"rendered":"Betriebsleiter nur zum Schein"},"content":{"rendered":"\n<p>Baubetriebe ben\u00f6tigen f\u00fcr die berechtigte Aus\u00fcbung eines zulassungspflichtigen Bauhandwerks die Eintragung in die Handwerksrolle durch die Handwerkskammer.<br>Seinen Meistertitel oder die Qualifikation als Bauingenieur hierf\u00fcr einem Betriebsinhaber als Betriebsleiter zur Verf\u00fcgung zu stellen, ohne dort tats\u00e4chlich auch als Betriebsleiter zu arbeiten (= Scheinbetriebsleiter), ist nicht zu empfehlen.<br>Die Beteiligten gehen hier erhebliche rechtliche Risiken ein, ohne auf die damit beabsichtigten Vorteile einen Anspruch zu haben.<\/p>\n\n\n\n<p>Mehr zur Problematik des Scheinbetriebsleiters und den daraus folgenden rechtlichen Risiken f\u00fcr die Beteiligten sowie die Anforderungen an eine T\u00e4tigkeit als Betriebsleiter erfahren Sie in folgenden Merkbl\u00e4ttern:<\/p>\n\n\n\n<p><a href=\"https:\/\/www.bauinnung-regensburg.de\/wp-content\/uploads\/2023\/06\/Scheinbetriebsleiter-Merkblatt.pdf\" data-type=\"URL\" data-id=\"https:\/\/www.bauinnung-regensburg.de\/wp-content\/uploads\/2023\/06\/Scheinbetriebsleiter-Merkblatt.pdf\" target=\"_blank\" rel=\"noreferrer noopener\">Merkplatt Betriebsleiter allgemein<\/a><\/p>\n\n\n\n<p><a href=\"https:\/\/www.bauinnung-regensburg.de\/wp-content\/uploads\/2023\/06\/Betriebsleiter-Merkblatt-allgemein.pdf\" data-type=\"URL\" data-id=\"https:\/\/www.bauinnung-regensburg.de\/wp-content\/uploads\/2023\/06\/Betriebsleiter-Merkblatt-allgemein.pdf\" target=\"_blank\" rel=\"noreferrer noopener\">Merkblatt Betriebsleiter nur zum Schein<\/a><\/p>\n","protected":false},"excerpt":{"rendered":"<p>Baubetriebe ben\u00f6tigen f\u00fcr die berechtigte Aus\u00fcbung eines zulassungspflichtigen Bauhandwerks die Eintragung in die Handwerksrolle durch die Handwerkskammer.Seinen Meistertitel oder die Qualifikation als Bauingenieur hierf\u00fcr einem Betriebsinhaber als Betriebsleiter zur Verf\u00fcgung zu stellen, ohne dort tats\u00e4chlich auch als Betriebsleiter zu arbeiten (= Scheinbetriebsleiter), ist nicht zu empfehlen.Die Beteiligten gehen hier erhebliche rechtliche Risiken ein, ohne auf [&hellip;]<\/p>\n","protected":false},"author":1,"featured_media":0,"parent":0,"menu_order":0,"comment_status":"closed","ping_status":"closed","template":"","meta":{"footnotes":""},"class_list":["post-165","page","type-page","status-publish","hentry"],"_links":{"self":[{"href":"https:\/\/www.bauinnung-regensburg.de\/index.php?rest_route=\/wp\/v2\/pages\/165","targetHints":{"allow":["GET"]}}],"collection":[{"href":"https:\/\/www.bauinnung-regensburg.de\/index.php?rest_route=\/wp\/v2\/pages"}],"about":[{"href":"https:\/\/www.bauinnung-regensburg.de\/index.php?rest_route=\/wp\/v2\/types\/page"}],"author":[{"embeddable":true,"href":"https:\/\/www.bauinnung-regensburg.de\/index.php?rest_route=\/wp\/v2\/users\/1"}],"replies":[{"embeddable":true,"href":"https:\/\/www.bauinnung-regensburg.de\/index.php?rest_route=%2Fwp%2Fv2%2Fcomments&post=165"}],"version-history":[{"count":8,"href":"https:\/\/www.bauinnung-regensburg.de\/index.php?rest_route=\/wp\/v2\/pages\/165\/revisions"}],"predecessor-version":[{"id":698,"href":"https:\/\/www.bauinnung-regensburg.de\/index.php?rest_route=\/wp\/v2\/pages\/165\/revisions\/698"}],"wp:attachment":[{"href":"https:\/\/www.bauinnung-regensburg.de\/index.php?rest_route=%2Fwp%2Fv2%2Fmedia&parent=165"}],"curies":[{"name":"wp","href":"https:\/\/api.w.org\/{rel}","templated":true}]}}