{"id":167,"date":"2023-06-19T09:40:18","date_gmt":"2023-06-19T09:40:18","guid":{"rendered":"https:\/\/www.bauinnung-regensburg.de\/?page_id=167"},"modified":"2024-06-27T08:15:52","modified_gmt":"2024-06-27T08:15:52","slug":"klassische-schwarzarbeit","status":"publish","type":"page","link":"https:\/\/www.bauinnung-regensburg.de\/?page_id=167","title":{"rendered":"klassische Schwarzarbeit"},"content":{"rendered":"\n<h2 class=\"wp-block-heading\">Steuerhinterziehung \/ Hinterziehung von Sozialversicherungs- und Sozialkassenbeitr\u00e4gen<\/h2>\n\n\n\n<p>Wenn ein Handwerker seine steuerlichen Pflichten (z.B. Abf\u00fchrung der Umsatzsteuer) nicht erf\u00fcllt, seinen Werklohn deshalb in bar bekommt und bewusst keine Rechnung ausstellt, ist dies nicht einfach so, sondern das ist und bleibt eine Straftat.<\/p>\n\n\n\n<p>Zudem verschafft er sich im Vergleich zu einem seri\u00f6s arbeitenden Handwerker einen unzul\u00e4ssigen Wettbewerbsvorteil und er bringt das \u00f6rtliche Bauhandwerk damit in Verruf. <\/p>\n\n\n\n<p>\u00c4hnlich ist es, wenn jemand Arbeitnehmer besch\u00e4ftigt und dabei seine Sozialversicherungsbeitr\u00e4ge (Krankenversicherung, Rentenversicherung etc.) und Sozialkassenbeitr\u00e4ge (zust\u00e4ndig SOKA-Bau) nicht abf\u00fchrt oder Scheinselbstst\u00e4ndige besch\u00e4ftigt.<\/p>\n\n\n\n<p>Scheinselbstst\u00e4ndig ist jemand, der f\u00fcr einen Auftraggeber nur auf dem Papier als Selbstst\u00e4ndiger t\u00e4tig ist, in Wahrheit aber als Arbeitnehmer des Auftraggebers anzusehen ist.<\/p>\n\n\n\n<p>Bei Vorliegen konkreter Verdachtsmomente schalten wir in den oben genannten F\u00e4llen das Hauptzollamt (Finanzkontrolle Schwarzarbeit) sowie die weiteren zust\u00e4ndigen Beh\u00f6rden ein.<\/p>\n\n\n\n<p>Weitere Informationen zum Thema Schwarzarbeit finden Sie ><strong><a href=\"https:\/\/www.bauinnung-regensburg.de\/wp-content\/uploads\/2024\/06\/Schwarzarbeit.pdf\" data-type=\"page\" data-id=\"169\">hier<\/a>&lt;<\/strong><\/p>\n","protected":false},"excerpt":{"rendered":"<p>Steuerhinterziehung \/ Hinterziehung von Sozialversicherungs- und Sozialkassenbeitr\u00e4gen Wenn ein Handwerker seine steuerlichen Pflichten (z.B. Abf\u00fchrung der Umsatzsteuer) nicht erf\u00fcllt, seinen Werklohn deshalb in bar bekommt und bewusst keine Rechnung ausstellt, ist dies nicht einfach so, sondern das ist und bleibt eine Straftat. Zudem verschafft er sich im Vergleich zu einem seri\u00f6s arbeitenden Handwerker einen unzul\u00e4ssigen [&hellip;]<\/p>\n","protected":false},"author":1,"featured_media":0,"parent":0,"menu_order":0,"comment_status":"closed","ping_status":"closed","template":"","meta":{"footnotes":""},"class_list":["post-167","page","type-page","status-publish","hentry"],"_links":{"self":[{"href":"https:\/\/www.bauinnung-regensburg.de\/index.php?rest_route=\/wp\/v2\/pages\/167","targetHints":{"allow":["GET"]}}],"collection":[{"href":"https:\/\/www.bauinnung-regensburg.de\/index.php?rest_route=\/wp\/v2\/pages"}],"about":[{"href":"https:\/\/www.bauinnung-regensburg.de\/index.php?rest_route=\/wp\/v2\/types\/page"}],"author":[{"embeddable":true,"href":"https:\/\/www.bauinnung-regensburg.de\/index.php?rest_route=\/wp\/v2\/users\/1"}],"replies":[{"embeddable":true,"href":"https:\/\/www.bauinnung-regensburg.de\/index.php?rest_route=%2Fwp%2Fv2%2Fcomments&post=167"}],"version-history":[{"count":3,"href":"https:\/\/www.bauinnung-regensburg.de\/index.php?rest_route=\/wp\/v2\/pages\/167\/revisions"}],"predecessor-version":[{"id":699,"href":"https:\/\/www.bauinnung-regensburg.de\/index.php?rest_route=\/wp\/v2\/pages\/167\/revisions\/699"}],"wp:attachment":[{"href":"https:\/\/www.bauinnung-regensburg.de\/index.php?rest_route=%2Fwp%2Fv2%2Fmedia&parent=167"}],"curies":[{"name":"wp","href":"https:\/\/api.w.org\/{rel}","templated":true}]}}