{"id":169,"date":"2023-06-19T09:41:23","date_gmt":"2023-06-19T09:41:23","guid":{"rendered":"https:\/\/www.bauinnung-regensburg.de\/?page_id=169"},"modified":"2024-06-27T08:18:51","modified_gmt":"2024-06-27T08:18:51","slug":"handwerksrechtliche-schwarzarbeit","status":"publish","type":"page","link":"https:\/\/www.bauinnung-regensburg.de\/?page_id=169","title":{"rendered":"Handwerksrechtliche Schwarzarbeit"},"content":{"rendered":"\n<p><strong>Informationen zum &#8222;Regensburger Modell f\u00fcr fairen Wettbewerb&#8220; finden Sie hier:<\/strong><\/p>\n\n\n\n<p><a href=\"https:\/\/www.bauinnung-regensburg.de\/wp-content\/uploads\/2023\/07\/Broschuere-Regensburger-Modell-Stand-2023.pdf\" data-type=\"attachment\" data-id=\"548\" target=\"_blank\" rel=\"noreferrer noopener\">Brosch\u00fcre Regensburg Modell f\u00fcr fairen Wettbewerb<\/a>\u00a0<\/p>\n\n\n\n<p>Die selbstst\u00e4ndige Aus\u00fcbung eines zulassungspflichtigen Bauhandwerks ohne Eintragung in die Handwerksrolle (diese wird von der Handwerkskammer gef\u00fchrt) ist nach dem Schwarzarbeitsbek\u00e4mpfungsgesetz eine Form der Schwarzarbeit.<br><br>N\u00e4here Details hierzu finden Sie in der PDF-Datei:<\/p>\n\n\n\n<p><a href=\"https:\/\/www.bauinnung-regensburg.de\/wp-content\/uploads\/2024\/06\/Merkblatt-Schwarzarbeit-Konsequenzen.pdf\" target=\"_blank\" rel=\"noreferrer noopener\">Merkblatt zur handwerksrechtlichen Schwarzarbeit<\/a>\u00a0<\/p>\n\n\n\n<p>Eine \u00dcbersicht der zulassungspflichtigen Handwerke finden Sie hier:<\/p>\n\n\n\n<p><a href=\"https:\/\/www.bauinnung-regensburg.de\/wp-content\/uploads\/2024\/06\/Zulassungspflichtige-Handwerke-Uebersicht-Stand-2021.pdf\" target=\"_blank\" rel=\"noreferrer noopener\">Zulassungspflichtige Handwerke<\/a><\/p>\n\n\n\n<p>Prim\u00e4r zust\u00e4ndig f\u00fcr die Verfolgung dieser Form von Schwarzarbeit sind die jeweiligen Landrats\u00e4mter.<br>Als Innung\/Verband haben wir zur Bek\u00e4mpfung der handwerksrechtlichen Schwarzarbeit jedoch auch eigene M\u00f6glichkeiten.<\/p>\n\n\n\n<p>Die Bewerbung oder Aus\u00fcbung eines zulassungspflichtigen Bauhandwerks stellt nicht nur einen Versto\u00df gegen Schwarzarbeitsbek\u00e4mpfungsgesetz, sondern einen Wettbewerbsversto\u00df nachdem UWG (Gesetz gegen den unlauteren Wettbewerb) dar.<\/p>\n\n\n\n<p>Daher sind wir berechtigt, in solchen F\u00e4llen im Zuge innungseigener Abmahnverfahren sog. strafbewehrte Unterlassungserkl\u00e4rungen von Betroffenen zu fordern und ggf. auch einzuklagen.<br>Die Unterlassungserkl\u00e4rungen enthalten Vertragsstrafen, die den Betroffenen von weiteren Verst\u00f6\u00dfen gegen das Verbot unlauterer Werbung bzw. Aus\u00fcbung des Handwerks abhalten sollen.<br>Bei einem festgestellten Versto\u00df erfolgt durch uns das automatische Einschalten der Berufsgenossenschaft (BG-Bau) und der Sozialkasse (SOKA-Bau), um \u00fcberpr\u00fcfen zu k\u00f6nnen, ob der Betroffene seinen Pflichten zur Abf\u00fchrung des Unfallversicherungs- und Sozialkassenbeitrages ordnungsgem\u00e4\u00df nachgekommen ist.<\/p>\n\n\n\n<p>Falls Sie konkrete Verdachtsf\u00e4lle f\u00fcr handwerksrechtliche Schwarzarbeit haben, so senden Sie uns diese gerne zu.<\/p>\n\n\n\n<figure class=\"wp-block-table\"><table><tbody><tr><td><img decoding=\"async\" src=\"http:\/\/www.bauinnung-regensburg.de\/web\/imagesSys\/sym\/icon_pdf.gif\" alt=\"\">&nbsp;<strong>Ihre Ansprechpartnerin:<\/strong><\/td><td><strong>Frau Rechtsanw\u00e4ltin Susanne Reichl (Syndikusrechtsanw\u00e4ltin),<\/strong><br><strong>Tel: 0941\/791084<\/strong><br><strong>E-Mail:&nbsp;<a href=\"mailto:reichl@bauinnung-regensburg.de\">reichl@bauinnung-regensburg.de<\/a><\/strong><br><\/td><\/tr><tr><td><strong>B\u00fcrozeiten:&nbsp;<\/strong><\/td><td><strong>Mo, Di, Mi, Do: 08:30 bis 12:00 Uhr<\/strong><br><strong>Di:&nbsp;&nbsp;&nbsp;&nbsp;&nbsp;<\/strong>&nbsp;&nbsp;&nbsp;&nbsp;&nbsp;&nbsp;&nbsp;&nbsp;&nbsp;&nbsp;&nbsp;&nbsp;&nbsp;&nbsp;&nbsp;&nbsp;<strong>13:00 bis 17:00 Uhr<\/strong><\/td><\/tr><\/tbody><\/table><\/figure>\n\n\n\n<p>Meldungen \u00fcber Verdachtsf\u00e4lle k\u00f6nnen Sie uns auch gerne \u00fcber WhatsApp zukommen lassen.<br>So&nbsp;einfach gehts:<\/p>\n\n\n\n<p><a href=\"https:\/\/www.bauinnung-regensburg.de\/wp-content\/uploads\/2023\/06\/Whatsapp.pdf\" data-type=\"attachment\" data-id=\"426\" target=\"_blank\" rel=\"noreferrer noopener\">Meldung \u00fcber WhatsApp<\/a><\/p>\n\n\n\n<p>Im Zeitraum Januar 2012 bis&nbsp;Ende 2020 haben wir&nbsp;bei unseren Abmahnverfahren&nbsp;festgestellt:<\/p>\n\n\n\n<p>1.&nbsp;456 Betriebe haben aufgrund unzul\u00e4ssiger Handwerksaus\u00fcbung eine&nbsp;Unterlassungserkl\u00e4rung abgegeben.<br>2. Die Anzahl unzul\u00e4ssiger Werbungen ging zur\u00fcck, die Kundenakquise wurde den abgemahnten Firmen erschwert.<br>3. Die Vertragsstrafen schrecken hinsichtlich der k\u00fcnftigen unzul\u00e4ssigen Handwerksaus\u00fcbung sowie bei der Werbung mit diesen ab.<br>4. 47 Verst\u00f6\u00dfe gegen bereits abgegebene Unterlassungserkl\u00e4rungen wurden durch Einforderung der Vertragsstrafe geahndet.&nbsp;<\/p>\n\n\n\n<p>1.310 Firmen wurden von uns dar\u00fcber hinaus an die Sozialkassen der Bauwirtschaft und Berufsgenossenschaft gemeldet um die ordnungsgem\u00e4\u00dfe Abf\u00fchrung der Beitr\u00e4ge an beide Stellen zu \u00fcberpr\u00fcfen. Unsere Erfahrungen hierzu finden Sie <a href=\"https:\/\/www.bauinnung-regensburg.de\/?page_id=163\" data-type=\"page\" data-id=\"163\"><strong>hier<\/strong><\/a><\/p>\n","protected":false},"excerpt":{"rendered":"<p>Informationen zum &#8222;Regensburger Modell f\u00fcr fairen Wettbewerb&#8220; finden Sie hier: Brosch\u00fcre Regensburg Modell f\u00fcr fairen Wettbewerb\u00a0 Die selbstst\u00e4ndige Aus\u00fcbung eines zulassungspflichtigen Bauhandwerks ohne Eintragung in die Handwerksrolle (diese wird von der Handwerkskammer gef\u00fchrt) ist nach dem Schwarzarbeitsbek\u00e4mpfungsgesetz eine Form der Schwarzarbeit. N\u00e4here Details hierzu finden Sie in der PDF-Datei: Merkblatt zur handwerksrechtlichen Schwarzarbeit\u00a0 Eine \u00dcbersicht [&hellip;]<\/p>\n","protected":false},"author":1,"featured_media":0,"parent":0,"menu_order":0,"comment_status":"closed","ping_status":"closed","template":"","meta":{"footnotes":""},"class_list":["post-169","page","type-page","status-publish","hentry"],"_links":{"self":[{"href":"https:\/\/www.bauinnung-regensburg.de\/index.php?rest_route=\/wp\/v2\/pages\/169","targetHints":{"allow":["GET"]}}],"collection":[{"href":"https:\/\/www.bauinnung-regensburg.de\/index.php?rest_route=\/wp\/v2\/pages"}],"about":[{"href":"https:\/\/www.bauinnung-regensburg.de\/index.php?rest_route=\/wp\/v2\/types\/page"}],"author":[{"embeddable":true,"href":"https:\/\/www.bauinnung-regensburg.de\/index.php?rest_route=\/wp\/v2\/users\/1"}],"replies":[{"embeddable":true,"href":"https:\/\/www.bauinnung-regensburg.de\/index.php?rest_route=%2Fwp%2Fv2%2Fcomments&post=169"}],"version-history":[{"count":11,"href":"https:\/\/www.bauinnung-regensburg.de\/index.php?rest_route=\/wp\/v2\/pages\/169\/revisions"}],"predecessor-version":[{"id":702,"href":"https:\/\/www.bauinnung-regensburg.de\/index.php?rest_route=\/wp\/v2\/pages\/169\/revisions\/702"}],"wp:attachment":[{"href":"https:\/\/www.bauinnung-regensburg.de\/index.php?rest_route=%2Fwp%2Fv2%2Fmedia&parent=169"}],"curies":[{"name":"wp","href":"https:\/\/api.w.org\/{rel}","templated":true}]}}