{"id":2,"date":"2023-06-07T15:41:33","date_gmt":"2023-06-07T15:41:33","guid":{"rendered":"https:\/\/bauinnung-regensburg.de\/?page_id=2"},"modified":"2024-06-27T07:12:09","modified_gmt":"2024-06-27T07:12:09","slug":"sample-page","status":"publish","type":"page","link":"https:\/\/www.bauinnung-regensburg.de\/","title":{"rendered":""},"content":{"rendered":"\n\n<div class=\"wp-block-image\">\n<figure class=\"aligncenter is-resized\"><img loading=\"lazy\" decoding=\"async\" width=\"692\" height=\"848\" src=\"https:\/\/www.bauinnung-regensburg.de\/wp-content\/uploads\/2023\/06\/upl_o949f551b7.jpg\" alt=\"\" class=\"wp-image-30\" style=\"width:271px;height:332px\" srcset=\"https:\/\/www.bauinnung-regensburg.de\/wp-content\/uploads\/2023\/06\/upl_o949f551b7.jpg 692w, https:\/\/www.bauinnung-regensburg.de\/wp-content\/uploads\/2023\/06\/upl_o949f551b7-245x300.jpg 245w\" sizes=\"auto, (max-width: 692px) 100vw, 692px\" \/><\/figure>\n<\/div>\n\n\n<div class=\"wp-block-columns is-layout-flex wp-container-core-columns-is-layout-9d6595d7 wp-block-columns-is-layout-flex\">\n<div class=\"wp-block-column is-layout-flow wp-block-column-is-layout-flow\">\n<p class=\"has-text-align-left\"><\/p>\n<\/div>\n\n\n\n<div class=\"wp-block-column is-layout-flow wp-block-column-is-layout-flow\">\n<p><\/p>\n<\/div>\n<\/div>\n\n\n\n<p class=\"has-text-align-center\"><strong>K\u00f6rperschaft des \u00f6ffentlichen Rechts<\/strong><\/p>\n\n\n\n<p class=\"has-text-align-center\"><br>Vor 9&nbsp;Jahrzehnten wurde die Bauinnung Regensburg gegr\u00fcndet.<br>Aufgaben und Problemstellungen&nbsp;f\u00fcr die&nbsp;Innung haben sich seit&nbsp;der Gr\u00fcndung in vielen Bereichen ge\u00e4ndert.<\/p>\n\n\n\n<p class=\"has-text-align-center\">Aber&nbsp;zwei Dinge&nbsp;sind gleich geblieben:<\/p>\n\n\n\n<figure class=\"wp-block-table is-style-stripes\"><table><tbody><tr><td><strong>Unser Anspruch an uns:<\/strong><\/td><td>Die Bauinnung Regensburg ist die Fachorganisation und das Sprachrohr f\u00fcr das&nbsp;Bauhandwerk vor Ort<\/td><\/tr><tr><td><strong>Unser Motto:<\/strong><\/td><td>Aktiv sein f\u00fcr das Bauhandwerk und dabei neue Wege gehen.<\/td><\/tr><\/tbody><\/table><\/figure>\n\n\n\n<p class=\"has-text-align-center\"><br>Machen Sie sich auf unserer Homepage ein Bild davon.<br><br><\/p>\n\n\n<div class=\"wp-block-image\">\n<figure class=\"aligncenter size-full is-resized\"><img loading=\"lazy\" decoding=\"async\" width=\"197\" height=\"50\" src=\"https:\/\/www.bauinnung-regensburg.de\/wp-content\/uploads\/2023\/06\/upl_o949f551b12.jpg\" alt=\"\" class=\"wp-image-31\" style=\"width:268px;height:68px\"\/><\/figure>\n<\/div>\n\n<div class=\"wp-block-image\">\n<figure class=\"aligncenter is-resized\"><img loading=\"lazy\" decoding=\"async\" width=\"640\" height=\"226\" src=\"https:\/\/www.bauinnung-regensburg.de\/wp-content\/uploads\/2023\/06\/logo.jpg\" alt=\"\" class=\"wp-image-18\" style=\"width:263px;height:93px\" srcset=\"https:\/\/www.bauinnung-regensburg.de\/wp-content\/uploads\/2023\/06\/logo.jpg 640w, https:\/\/www.bauinnung-regensburg.de\/wp-content\/uploads\/2023\/06\/logo-300x106.jpg 300w\" sizes=\"auto, (max-width: 640px) 100vw, 640px\" \/><\/figure>\n<\/div>\n\n\n<p class=\"has-text-align-center\"><strong>Landesverband Bayerischer Bauinnungen<\/strong><br><strong><a rel=\"noreferrer noopener\" href=\"http:\/\/www.lbb-bayern.de\/\" target=\"_blank\">www.lbb-bayern.de<\/a><\/strong><\/p>\n\n\n<div class=\"wp-block-image\">\n<figure class=\"aligncenter size-full is-resized\"><img loading=\"lazy\" decoding=\"async\" width=\"84\" height=\"94\" src=\"https:\/\/www.bauinnung-regensburg.de\/wp-content\/uploads\/2023\/06\/upl_o949f551b20.jpg\" alt=\"\" class=\"wp-image-32\" style=\"width:166px;height:186px\"\/><\/figure>\n<\/div>\n\n\n<p class=\"has-text-align-center\"> <strong>und<\/strong> <strong>Landesinnungsverband des Bayerischen Zimmererhandwerks<\/strong><br><strong><a rel=\"noreferrer noopener\" href=\"http:\/\/www.zimmerer-bayern.com\" target=\"_blank\">www.zimmerer-bayern.com<\/a><\/strong> <br><strong><a href=\"http:\/\/www.zimmerer-regensburg.de\" target=\"_blank\" rel=\"noopener\">www.zimmerer-regensburg.de<\/a><\/strong> <\/p>\n\n\n<div class=\"wp-block-image\">\n<figure class=\"aligncenter size-full\"><a href=\"https:\/\/baybauakad.de\/\" target=\"_blank\" rel=\"noopener\"><img loading=\"lazy\" decoding=\"async\" width=\"202\" height=\"120\" src=\"https:\/\/www.bauinnung-regensburg.de\/wp-content\/uploads\/2023\/06\/upl_o7119b2639_3.gif\" alt=\"\" class=\"wp-image-333\"\/><\/a><\/figure>\n<\/div>\n\n\n<div style=\"height:100px\" aria-hidden=\"true\" class=\"wp-block-spacer\"><\/div>\n\n\n\n<figure class=\"wp-block-embed is-type-video is-provider-youtube wp-block-embed-youtube wp-embed-aspect-16-9 wp-has-aspect-ratio\"><div class=\"wp-block-embed__wrapper\">\n<iframe loading=\"lazy\" title=\"Bauinnung Regensburg\" width=\"640\" height=\"360\" src=\"https:\/\/www.youtube.com\/embed\/gsYUhuTF37A?feature=oembed\" frameborder=\"0\" allow=\"accelerometer; autoplay; clipboard-write; encrypted-media; gyroscope; picture-in-picture; web-share\" referrerpolicy=\"strict-origin-when-cross-origin\" allowfullscreen><\/iframe>\n<\/div><\/figure>\n","protected":false},"excerpt":{"rendered":"<p>K\u00f6rperschaft des \u00f6ffentlichen Rechts Vor 9&nbsp;Jahrzehnten wurde die Bauinnung Regensburg gegr\u00fcndet.Aufgaben und Problemstellungen&nbsp;f\u00fcr die&nbsp;Innung haben sich seit&nbsp;der Gr\u00fcndung in vielen Bereichen ge\u00e4ndert. Aber&nbsp;zwei Dinge&nbsp;sind gleich geblieben: Unser Anspruch an uns: Die Bauinnung Regensburg ist die Fachorganisation und das Sprachrohr f\u00fcr das&nbsp;Bauhandwerk vor Ort Unser Motto: Aktiv sein f\u00fcr das Bauhandwerk und dabei neue Wege gehen. [&hellip;]<\/p>\n","protected":false},"author":1,"featured_media":238,"parent":0,"menu_order":0,"comment_status":"closed","ping_status":"closed","template":"page-template\/custom-home-page.php","meta":{"footnotes":""},"class_list":["post-2","page","type-page","status-publish","has-post-thumbnail","hentry"],"_links":{"self":[{"href":"https:\/\/www.bauinnung-regensburg.de\/index.php?rest_route=\/wp\/v2\/pages\/2","targetHints":{"allow":["GET"]}}],"collection":[{"href":"https:\/\/www.bauinnung-regensburg.de\/index.php?rest_route=\/wp\/v2\/pages"}],"about":[{"href":"https:\/\/www.bauinnung-regensburg.de\/index.php?rest_route=\/wp\/v2\/types\/page"}],"author":[{"embeddable":true,"href":"https:\/\/www.bauinnung-regensburg.de\/index.php?rest_route=\/wp\/v2\/users\/1"}],"replies":[{"embeddable":true,"href":"https:\/\/www.bauinnung-regensburg.de\/index.php?rest_route=%2Fwp%2Fv2%2Fcomments&post=2"}],"version-history":[{"count":30,"href":"https:\/\/www.bauinnung-regensburg.de\/index.php?rest_route=\/wp\/v2\/pages\/2\/revisions"}],"predecessor-version":[{"id":653,"href":"https:\/\/www.bauinnung-regensburg.de\/index.php?rest_route=\/wp\/v2\/pages\/2\/revisions\/653"}],"wp:featuredmedia":[{"embeddable":true,"href":"https:\/\/www.bauinnung-regensburg.de\/index.php?rest_route=\/wp\/v2\/media\/238"}],"wp:attachment":[{"href":"https:\/\/www.bauinnung-regensburg.de\/index.php?rest_route=%2Fwp%2Fv2%2Fmedia&parent=2"}],"curies":[{"name":"wp","href":"https:\/\/api.w.org\/{rel}","templated":true}]}}