{"id":47,"date":"2023-06-15T09:29:17","date_gmt":"2023-06-15T09:29:17","guid":{"rendered":"https:\/\/www.bauinnung-regensburg.de\/?page_id=47"},"modified":"2025-11-12T09:56:55","modified_gmt":"2025-11-12T09:56:55","slug":"ueber-uns","status":"publish","type":"page","link":"https:\/\/www.bauinnung-regensburg.de\/?page_id=47","title":{"rendered":"\u00dcber uns"},"content":{"rendered":"\n<h1 class=\"wp-block-heading\">Die Bauinnung Regensburg stellt sich vor<\/h1>\n\n\n\n<p>Die Bauinnung Regensburg ist die \u00f6rtliche Vertretung des gr\u00f6\u00dften deutschen Bauarbeitgeberverbandes (Zentralverband des Deutschen Baugewerbes mit ca. 35.000 Mitgliedern) <br>&#8211; zust\u00e4ndig f\u00fcr die St\u00e4dte Regensburg und Schwandorf, den Landkreis Regensburg (ausgenommen das Gebiet des ehemaligen Landkreises Parsberg), den ehemaligen Landkreis Burglengenfeld (ausgenommen der Marktgemeinde Schmidm\u00fchlen) sowie den Landkreis Kelheim (ausgenommen das Gebiet der ehemaligen Landkreise Mainburg und Rottenburg\/Laaber). <br><br>In dieser Funktion vertreten wir\u00a0<strong>107 Betriebe\u00a0<\/strong>des Baugewerbes (insbesondere des Bauhandwerks) der Region, nicht aber die Betriebe der Bauindustrie (diese sind im Bauindustrieverband organisiert).<br><br>Gleichzeitig sind wir die Bezirksgesch\u00e4ftsstelle unseres Landesverbandes (Landesverband Bayerischer Bauinnungen mit ca. 3.500 Mitgliedern) in der Oberpfalz. Als Bezirksgesch\u00e4ftsstelle betreuen wir die weiteren sechs Bauinnungen der Oberpfalz (Bauinnung Amberg, Cham, Neumarkt, Nordoberpfalz, Parsberg und Sulzbach-Rosenberg) sowie deren Mitgliedsbetriebe.<br><br><strong>Oberpfalzweit<\/strong>\u00a0sind bei uns<strong>\u00a0337 Baubetriebe\u00a0<\/strong>mit einer Bruttolohnsumme von<strong>\u00a0217 Mio. Euro\u00a0<\/strong>(entspricht ca.\u00a06.200 Besch\u00e4ftigten) und einem Gesamtjahresumsatz von<strong>\u00a0\u00fcber 1\u00a0Milliarde Euro\u00a0<\/strong>organsiert.<br>Auch dem Bayerischen Zimmererverband (1.300 Mitglieder) sind wir angeschlossen.\u00a0<br><br>Entnehmen Sie bitte N\u00e4heres den Rubriken \u00fcber den Aufbau der Verb\u00e4nde sowie \u00fcber die von uns vertretenen Fachgruppen.<\/p>\n\n\n\n<div style=\"height:100px\" aria-hidden=\"true\" class=\"wp-block-spacer\"><\/div>\n\n\n\n<div class=\"wp-block-columns is-layout-flex wp-container-core-columns-is-layout-9d6595d7 wp-block-columns-is-layout-flex\">\n<div class=\"wp-block-column is-layout-flow wp-block-column-is-layout-flow\" style=\"flex-basis:25%\">\n<figure class=\"wp-block-image size-full is-resized\"><img loading=\"lazy\" decoding=\"async\" width=\"300\" height=\"451\" src=\"https:\/\/www.bauinnung-regensburg.de\/wp-content\/uploads\/2023\/06\/upl_o5985f3244b0.jpg\" alt=\"\" class=\"wp-image-51\" style=\"width:172px;height:258px\" srcset=\"https:\/\/www.bauinnung-regensburg.de\/wp-content\/uploads\/2023\/06\/upl_o5985f3244b0.jpg 300w, https:\/\/www.bauinnung-regensburg.de\/wp-content\/uploads\/2023\/06\/upl_o5985f3244b0-200x300.jpg 200w\" sizes=\"auto, (max-width: 300px) 100vw, 300px\" \/><\/figure>\n<\/div>\n\n\n\n<div class=\"wp-block-column is-layout-flow wp-block-column-is-layout-flow\" style=\"flex-basis:50%\">\n<figure class=\"wp-block-image size-full\"><img loading=\"lazy\" decoding=\"async\" width=\"450\" height=\"301\" src=\"https:\/\/www.bauinnung-regensburg.de\/wp-content\/uploads\/2023\/06\/upl_o5985f3244b1.jpg\" alt=\"\" class=\"wp-image-53\" srcset=\"https:\/\/www.bauinnung-regensburg.de\/wp-content\/uploads\/2023\/06\/upl_o5985f3244b1.jpg 450w, https:\/\/www.bauinnung-regensburg.de\/wp-content\/uploads\/2023\/06\/upl_o5985f3244b1-300x201.jpg 300w\" sizes=\"auto, (max-width: 450px) 100vw, 450px\" \/><\/figure>\n<\/div>\n\n\n\n<div class=\"wp-block-column is-layout-flow wp-block-column-is-layout-flow\" style=\"flex-basis:25%\">\n<figure class=\"wp-block-image size-full is-resized\"><img loading=\"lazy\" decoding=\"async\" width=\"450\" height=\"678\" src=\"https:\/\/www.bauinnung-regensburg.de\/wp-content\/uploads\/2023\/06\/upl_o5985f3244b2.jpg\" alt=\"\" class=\"wp-image-54\" style=\"width:171px;height:257px\" srcset=\"https:\/\/www.bauinnung-regensburg.de\/wp-content\/uploads\/2023\/06\/upl_o5985f3244b2.jpg 450w, https:\/\/www.bauinnung-regensburg.de\/wp-content\/uploads\/2023\/06\/upl_o5985f3244b2-199x300.jpg 199w\" sizes=\"auto, (max-width: 450px) 100vw, 450px\" \/><\/figure>\n<\/div>\n<\/div>\n","protected":false},"excerpt":{"rendered":"<p>Die Bauinnung Regensburg stellt sich vor Die Bauinnung Regensburg ist die \u00f6rtliche Vertretung des gr\u00f6\u00dften deutschen Bauarbeitgeberverbandes (Zentralverband des Deutschen Baugewerbes mit ca. 35.000 Mitgliedern) &#8211; zust\u00e4ndig f\u00fcr die St\u00e4dte Regensburg und Schwandorf, den Landkreis Regensburg (ausgenommen das Gebiet des ehemaligen Landkreises Parsberg), den ehemaligen Landkreis Burglengenfeld (ausgenommen der Marktgemeinde Schmidm\u00fchlen) sowie den Landkreis Kelheim [&hellip;]<\/p>\n","protected":false},"author":1,"featured_media":0,"parent":0,"menu_order":0,"comment_status":"closed","ping_status":"closed","template":"","meta":{"footnotes":""},"class_list":["post-47","page","type-page","status-publish","hentry"],"_links":{"self":[{"href":"https:\/\/www.bauinnung-regensburg.de\/index.php?rest_route=\/wp\/v2\/pages\/47","targetHints":{"allow":["GET"]}}],"collection":[{"href":"https:\/\/www.bauinnung-regensburg.de\/index.php?rest_route=\/wp\/v2\/pages"}],"about":[{"href":"https:\/\/www.bauinnung-regensburg.de\/index.php?rest_route=\/wp\/v2\/types\/page"}],"author":[{"embeddable":true,"href":"https:\/\/www.bauinnung-regensburg.de\/index.php?rest_route=\/wp\/v2\/users\/1"}],"replies":[{"embeddable":true,"href":"https:\/\/www.bauinnung-regensburg.de\/index.php?rest_route=%2Fwp%2Fv2%2Fcomments&post=47"}],"version-history":[{"count":6,"href":"https:\/\/www.bauinnung-regensburg.de\/index.php?rest_route=\/wp\/v2\/pages\/47\/revisions"}],"predecessor-version":[{"id":829,"href":"https:\/\/www.bauinnung-regensburg.de\/index.php?rest_route=\/wp\/v2\/pages\/47\/revisions\/829"}],"wp:attachment":[{"href":"https:\/\/www.bauinnung-regensburg.de\/index.php?rest_route=%2Fwp%2Fv2%2Fmedia&parent=47"}],"curies":[{"name":"wp","href":"https:\/\/api.w.org\/{rel}","templated":true}]}}