{"id":72,"date":"2023-06-15T09:51:43","date_gmt":"2023-06-15T09:51:43","guid":{"rendered":"https:\/\/www.bauinnung-regensburg.de\/?page_id=72"},"modified":"2023-06-28T13:55:40","modified_gmt":"2023-06-28T13:55:40","slug":"aufgaben","status":"publish","type":"page","link":"https:\/\/www.bauinnung-regensburg.de\/?page_id=72","title":{"rendered":"Aufgaben"},"content":{"rendered":"\n<h1 class=\"wp-block-heading\">Die heutigen Aufgaben<\/h1>\n\n\n\n<p>Der Bauinnung Regensburg geh\u00f6ren&nbsp;107 Betriebe an.<br><br>Die Aufgaben der Bauinnung sind u. a.:<\/p>\n\n\n\n<p><strong>Das Bauhandwerk\/Baugewerbe und was es inhaltlich ausmacht (Berufschancen, Zahlen und Fakten zum Bau) in der \u00d6ffentlichkeit darzustellen (Presse- und Medienarbeit, Teilnahme an Messen usw.).<\/strong><\/p>\n\n\n\n<p><strong>Die Baubetriebe durch Fachvortr\u00e4ge in technischer, wirtschaftlicher und rechtlicher Hinsicht zu schulen, um die Mitglieder immer aufs Neue auf den aktuellen Stand zu bringen.<\/strong><\/p>\n\n\n\n<p><strong>Die Baubetriebe informieren und ihnen durch Arbeitsunterlagen f\u00fcr den t\u00e4glichen Gebrauch den Arbeitsalltag erleichtern.<\/strong><\/p>\n\n\n\n<p><strong>Gespr\u00e4che mit Politikern zu f\u00fchren, um dabei auf aktuelle Probleme aufmerksam zu machen und die Rahmenbedingungen f\u00fcr den Bau nachhaltig zu verbessern.<\/strong><\/p>\n\n\n\n<p><strong>Bei Streitigkeiten zwischen Arbeitgeber und Auszubildenden schlichtend t\u00e4tig zu werden.<\/strong><\/p>\n\n\n\n<p><strong>Die Lehrlingsausbildung voran zu bringen (z. B. durch Werbung f\u00fcr Bauberufe) sowie die Gesellen- und Zwischenpr\u00fcfungen durchzuf\u00fchren.<\/strong><\/p>\n\n\n\n<p>F\u00fcr einige Fachgebiete wurden besondere Fachgruppen gebildet. Diese Fachgruppen haben die Aufgabe, die gemeinsamen fachlichen Interessen der Innungsmitglieder ihres Handwerkszweiges im besonderen wahrzunehmen und in der Bauinnung zu vertreten.<\/p>\n\n\n\n<p>Die&nbsp;<strong>Bauinnung<\/strong>&nbsp;ist insgesamt betrachtet der&nbsp;<strong>richtige Ansprechpartner<\/strong>&nbsp;f\u00fcr alle Bereiche, die die Fachinteressen des Bauhandwerks betreffen.<\/p>\n","protected":false},"excerpt":{"rendered":"<p>Die heutigen Aufgaben Der Bauinnung Regensburg geh\u00f6ren&nbsp;107 Betriebe an. Die Aufgaben der Bauinnung sind u. a.: Das Bauhandwerk\/Baugewerbe und was es inhaltlich ausmacht (Berufschancen, Zahlen und Fakten zum Bau) in der \u00d6ffentlichkeit darzustellen (Presse- und Medienarbeit, Teilnahme an Messen usw.). Die Baubetriebe durch Fachvortr\u00e4ge in technischer, wirtschaftlicher und rechtlicher Hinsicht zu schulen, um die Mitglieder [&hellip;]<\/p>\n","protected":false},"author":1,"featured_media":0,"parent":0,"menu_order":0,"comment_status":"closed","ping_status":"closed","template":"","meta":{"footnotes":""},"class_list":["post-72","page","type-page","status-publish","hentry"],"_links":{"self":[{"href":"https:\/\/www.bauinnung-regensburg.de\/index.php?rest_route=\/wp\/v2\/pages\/72","targetHints":{"allow":["GET"]}}],"collection":[{"href":"https:\/\/www.bauinnung-regensburg.de\/index.php?rest_route=\/wp\/v2\/pages"}],"about":[{"href":"https:\/\/www.bauinnung-regensburg.de\/index.php?rest_route=\/wp\/v2\/types\/page"}],"author":[{"embeddable":true,"href":"https:\/\/www.bauinnung-regensburg.de\/index.php?rest_route=\/wp\/v2\/users\/1"}],"replies":[{"embeddable":true,"href":"https:\/\/www.bauinnung-regensburg.de\/index.php?rest_route=%2Fwp%2Fv2%2Fcomments&post=72"}],"version-history":[{"count":3,"href":"https:\/\/www.bauinnung-regensburg.de\/index.php?rest_route=\/wp\/v2\/pages\/72\/revisions"}],"predecessor-version":[{"id":352,"href":"https:\/\/www.bauinnung-regensburg.de\/index.php?rest_route=\/wp\/v2\/pages\/72\/revisions\/352"}],"wp:attachment":[{"href":"https:\/\/www.bauinnung-regensburg.de\/index.php?rest_route=%2Fwp%2Fv2%2Fmedia&parent=72"}],"curies":[{"name":"wp","href":"https:\/\/api.w.org\/{rel}","templated":true}]}}